{"id":17,"date":"2017-07-31T20:11:21","date_gmt":"2017-07-31T17:11:21","guid":{"rendered":"http:\/\/tampereadventtisrk.fi\/?page_id=17"},"modified":"2022-05-17T16:48:10","modified_gmt":"2022-05-17T13:48:10","slug":"etusivu","status":"publish","type":"page","link":"https:\/\/tampereadventtisrk.fi\/","title":{"rendered":"Etusivu"},"content":{"rendered":"<p>Millaista olisi el\u00e4\u00e4 yhteis\u00f6n keskell\u00e4, jossa kuunnellaan, ollaan armollisia ja l\u00f6ydet\u00e4\u00e4n tilaa kasvaa yksil\u00f6llisesti? T\u00e4llainen Jeesuksen seuraajana kasvaminen on seurakuntaperheemme visio.<\/p>\n<p>Jes. 41:10 Jumala vakuuttaa: &#8220;\u00c4l\u00e4 pelk\u00e4\u00e4, min\u00e4 olen sinun kanssasi! \u00c4l\u00e4 arkana p\u00e4lyile ymp\u00e4rillesi &#8211; min\u00e4 olen sinun Jumalasi. Min\u00e4 vahvistan sinua, min\u00e4 autan sinua, min\u00e4 tuen sinua vakaalla, lujalla k\u00e4dell\u00e4ni.&#8221;<\/p>\n<p>Tule ja tutustu!<\/p>\n","protected":false},"excerpt":{"rendered":"<p>Millaista olisi el\u00e4\u00e4 yhteis\u00f6n keskell\u00e4, jossa kuunnellaan, ollaan armollisia ja l\u00f6ydet\u00e4\u00e4n tilaa kasvaa yksil\u00f6llisesti? T\u00e4llainen Jeesuksen seuraajana kasvaminen on seurakuntaperheemme visio. Jes. 41:10 Jumala vakuuttaa: &#8220;\u00c4l\u00e4 pelk\u00e4\u00e4, min\u00e4 olen sinun kanssasi! \u00c4l\u00e4 arkana p\u00e4lyile ymp\u00e4rillesi &#8211; min\u00e4 olen sinun Jumalasi. Min\u00e4 vahvistan sinua, min\u00e4 autan sinua, min\u00e4 tuen sinua vakaalla, lujalla k\u00e4dell\u00e4ni.&#8221; Tule ja tutustu!<\/p>\n","protected":false},"author":1,"featured_media":161,"parent":0,"menu_order":0,"comment_status":"closed","ping_status":"closed","template":"","meta":[],"class_list":["post-17","page","type-page","status-publish","has-post-thumbnail","hentry"],"_links":{"self":[{"href":"https:\/\/tampereadventtisrk.fi\/index.php?rest_route=\/wp\/v2\/pages\/17","targetHints":{"allow":["GET"]}}],"collection":[{"href":"https:\/\/tampereadventtisrk.fi\/index.php?rest_route=\/wp\/v2\/pages"}],"about":[{"href":"https:\/\/tampereadventtisrk.fi\/index.php?rest_route=\/wp\/v2\/types\/page"}],"author":[{"embeddable":true,"href":"https:\/\/tampereadventtisrk.fi\/index.php?rest_route=\/wp\/v2\/users\/1"}],"replies":[{"embeddable":true,"href":"https:\/\/tampereadventtisrk.fi\/index.php?rest_route=%2Fwp%2Fv2%2Fcomments&post=17"}],"version-history":[{"count":21,"href":"https:\/\/tampereadventtisrk.fi\/index.php?rest_route=\/wp\/v2\/pages\/17\/revisions"}],"predecessor-version":[{"id":299,"href":"https:\/\/tampereadventtisrk.fi\/index.php?rest_route=\/wp\/v2\/pages\/17\/revisions\/299"}],"wp:featuredmedia":[{"embeddable":true,"href":"https:\/\/tampereadventtisrk.fi\/index.php?rest_route=\/wp\/v2\/media\/161"}],"wp:attachment":[{"href":"https:\/\/tampereadventtisrk.fi\/index.php?rest_route=%2Fwp%2Fv2%2Fmedia&parent=17"}],"curies":[{"name":"wp","href":"https:\/\/api.w.org\/{rel}","templated":true}]}}