{"id":18,"date":"2017-07-31T20:11:21","date_gmt":"2017-07-31T17:11:21","guid":{"rendered":"http:\/\/tampereadventtisrk.fi\/?page_id=18"},"modified":"2025-06-13T14:08:42","modified_gmt":"2025-06-13T11:08:42","slug":"tietoja","status":"publish","type":"page","link":"https:\/\/tampereadventtisrk.fi\/?page_id=18","title":{"rendered":"Tutustu"},"content":{"rendered":"<h3><strong>Toimintamuotoja<\/strong><\/h3>\n<ul>\n<li>Kokoonnumme lauantaisin klo 10.00 (kes\u00e4aikana elokuun loppuun klo 10.30) tutkimaan Raamattua ja klo 11.00 palvelemaan yhdess\u00e4 Jumalaa.<\/li>\n<li>Kansainv\u00e4linen EBENEZER- ryhm\u00e4 kokoontuu muutaman kerran viikossa zoomin kautta. Ota yhteytt\u00e4 kysy\u00e4ksesi lis\u00e4\u00e4 heid\u00e4n toiminnastaan.<\/li>\n<li>ADRA (Adventtikirkon avustus- ja kehitysyhteisty\u00f6j\u00e4rjest\u00f6) avustaa tarpeessa olevia resurssiensa mukaan.<\/li>\n<li>Pastori tai seurakunnan vanhimmat ovat sinua varten jumalanpalveluksen j\u00e4lkeen keskustelua ja esirukouspalvelua varten. Voit ottaa heihin my\u00f6s <a href=\"http:\/\/tampereadventtisrk.fi\/?page_id=19\">yhteytt\u00e4 puhelimitse<\/a>, milloin tarvitset.<\/li>\n<\/ul>\n<p>Olet l\u00e4mpim\u00e4sti tervetullut juuri omana itsen\u00e4si!<\/p>\n","protected":false},"excerpt":{"rendered":"<p>Toimintamuotoja Kokoonnumme lauantaisin klo 10.00 (kes\u00e4aikana elokuun loppuun klo 10.30) tutkimaan Raamattua ja klo 11.00 palvelemaan yhdess\u00e4 Jumalaa. Kansainv\u00e4linen EBENEZER- ryhm\u00e4 kokoontuu muutaman kerran viikossa zoomin kautta. Ota yhteytt\u00e4 kysy\u00e4ksesi lis\u00e4\u00e4 heid\u00e4n toiminnastaan. ADRA (Adventtikirkon avustus- ja kehitysyhteisty\u00f6j\u00e4rjest\u00f6) avustaa tarpeessa olevia resurssiensa mukaan. Pastori tai seurakunnan vanhimmat ovat sinua varten jumalanpalveluksen j\u00e4lkeen keskustelua ja esirukouspalvelua &hellip; <a href=\"https:\/\/tampereadventtisrk.fi\/?page_id=18\">Continued<\/a><\/p>\n","protected":false},"author":1,"featured_media":40,"parent":0,"menu_order":3,"comment_status":"closed","ping_status":"closed","template":"","meta":[],"class_list":["post-18","page","type-page","status-publish","has-post-thumbnail","hentry"],"_links":{"self":[{"href":"https:\/\/tampereadventtisrk.fi\/index.php?rest_route=\/wp\/v2\/pages\/18","targetHints":{"allow":["GET"]}}],"collection":[{"href":"https:\/\/tampereadventtisrk.fi\/index.php?rest_route=\/wp\/v2\/pages"}],"about":[{"href":"https:\/\/tampereadventtisrk.fi\/index.php?rest_route=\/wp\/v2\/types\/page"}],"author":[{"embeddable":true,"href":"https:\/\/tampereadventtisrk.fi\/index.php?rest_route=\/wp\/v2\/users\/1"}],"replies":[{"embeddable":true,"href":"https:\/\/tampereadventtisrk.fi\/index.php?rest_route=%2Fwp%2Fv2%2Fcomments&post=18"}],"version-history":[{"count":14,"href":"https:\/\/tampereadventtisrk.fi\/index.php?rest_route=\/wp\/v2\/pages\/18\/revisions"}],"predecessor-version":[{"id":367,"href":"https:\/\/tampereadventtisrk.fi\/index.php?rest_route=\/wp\/v2\/pages\/18\/revisions\/367"}],"wp:featuredmedia":[{"embeddable":true,"href":"https:\/\/tampereadventtisrk.fi\/index.php?rest_route=\/wp\/v2\/media\/40"}],"wp:attachment":[{"href":"https:\/\/tampereadventtisrk.fi\/index.php?rest_route=%2Fwp%2Fv2%2Fmedia&parent=18"}],"curies":[{"name":"wp","href":"https:\/\/api.w.org\/{rel}","templated":true}]}}