{"id":19,"date":"2017-07-31T20:11:21","date_gmt":"2017-07-31T17:11:21","guid":{"rendered":"http:\/\/tampereadventtisrk.fi\/?page_id=19"},"modified":"2025-06-13T13:27:19","modified_gmt":"2025-06-13T10:27:19","slug":"ota-yhteytta","status":"publish","type":"page","link":"https:\/\/tampereadventtisrk.fi\/?page_id=19","title":{"rendered":"Ota yhteytt\u00e4"},"content":{"rendered":"<div class=\"page\" title=\"Page 3\">\n<div class=\"layoutArea\">\n<div class=\"column\">\n<p>Pastori, Kaarina Villa<br \/>\n050 3277 300<br \/>\nkaarina.villa@adventtikirkko.fi<\/p>\n<\/div>\n<\/div>\n<\/div>\n<p>Seurakunnan vastaava vanhin, Esa Nyst\u00e9n<br \/>\n040 765 9467<br \/>\nesa.nysten@pp.inet.fi<\/p>\n<p>Sihteeri, Aki Villa<br \/>\naki.o.villa@gmail.com<\/p>\n<div class=\"page\" title=\"Page 3\">\n<div class=\"layoutArea\">\n<div class=\"column\">\n<p>Avustuspalvelu, Anne Harju<br \/>\n040 576 2068<\/p>\n<p>Tilitiedot: Suomen Adventtikirkko<br \/>\nFI22 8118 9710 0144 92<br \/>\nviite 855006<br \/>\n(toistaiseksi voimassaoleva ker\u00e4yslupa RA\/2021\/709)<\/p>\n<p><!--Rahastonhoitaja,\n\nTampere Ilom\u00e4entien seurakunnan tilinumero\nNordea FI52 1359 5000 0603 54\n\nKymmenykset Jumalalle Adventtikirkon tilin kautta\nFI48 8000 1500 0617 35, viite 5490\n\n--><strong>Yhteydenottolomake<\/strong><\/p>\n<\/div>\n<\/div>\n<\/div>\n<div role=\"form\" class=\"wpcf7\" id=\"wpcf7-f149-o1\" lang=\"fi\" dir=\"ltr\">\n<div class=\"screen-reader-response\"><\/div>\n<form action=\"\/index.php?rest_route=%2Fwp%2Fv2%2Fpages%2F19#wpcf7-f149-o1\" method=\"post\" class=\"wpcf7-form\" novalidate=\"novalidate\">\n<div style=\"display: none;\">\n<input type=\"hidden\" name=\"_wpcf7\" value=\"149\" \/>\n<input type=\"hidden\" name=\"_wpcf7_version\" value=\"5.1.6\" \/>\n<input type=\"hidden\" name=\"_wpcf7_locale\" value=\"fi\" \/>\n<input type=\"hidden\" name=\"_wpcf7_unit_tag\" value=\"wpcf7-f149-o1\" \/>\n<input type=\"hidden\" name=\"_wpcf7_container_post\" value=\"0\" \/>\n<\/div>\n<p><label> Nimi (pakollinen)<br \/>\n    <span class=\"wpcf7-form-control-wrap your-name\"><input type=\"text\" name=\"your-name\" value=\"\" size=\"40\" class=\"wpcf7-form-control wpcf7-text wpcf7-validates-as-required\" aria-required=\"true\" aria-invalid=\"false\" \/><\/span> <\/label><\/p>\n<p><label> S\u00e4hk\u00f6posti (pakollinen)<br \/>\n    <span class=\"wpcf7-form-control-wrap your-email\"><input type=\"email\" name=\"your-email\" value=\"\" size=\"40\" class=\"wpcf7-form-control wpcf7-text wpcf7-email wpcf7-validates-as-required wpcf7-validates-as-email\" aria-required=\"true\" aria-invalid=\"false\" \/><\/span> <\/label><\/p>\n<p><label> Aihe<br \/>\n    <span class=\"wpcf7-form-control-wrap your-subject\"><input type=\"text\" name=\"your-subject\" value=\"\" size=\"40\" class=\"wpcf7-form-control wpcf7-text\" aria-invalid=\"false\" \/><\/span> <\/label><\/p>\n<p><label> Viesti<br \/>\n    <span class=\"wpcf7-form-control-wrap your-message\"><textarea name=\"your-message\" cols=\"40\" rows=\"10\" class=\"wpcf7-form-control wpcf7-textarea\" aria-invalid=\"false\"><\/textarea><\/span> <\/label><\/p>\n<p><span class=\"wpcf7-form-control-wrap checkbox-112\"><span class=\"wpcf7-form-control wpcf7-checkbox wpcf7-validates-as-required\"><span class=\"wpcf7-list-item first last\"><input type=\"checkbox\" name=\"checkbox-112[]\" value=\"Suostun siihen, ett\u00e4 antamani yhteystiedot tallennetaan Adventtikirkon palvelimelle ja s\u00e4hk\u00f6postij\u00e4rjestelm\u00e4\u00e4n mahdollistamiseksi.\" \/><span class=\"wpcf7-list-item-label\">Suostun siihen, ett\u00e4 antamani yhteystiedot tallennetaan Adventtikirkon palvelimelle ja s\u00e4hk\u00f6postij\u00e4rjestelm\u00e4\u00e4n mahdollistamiseksi.<\/span><\/span><\/span><\/span><\/p>\n<p>[recaptcha size:compact]<\/p>\n<p><input type=\"submit\" value=\"L\u00e4het\u00e4\" class=\"wpcf7-form-control wpcf7-submit\" \/><\/p>\n<div class=\"wpcf7-response-output wpcf7-display-none\"><\/div><\/form><\/div>\n","protected":false},"excerpt":{"rendered":"<p>Pastori, Kaarina Villa 050 3277 300 kaarina.villa@adventtikirkko.fi Seurakunnan vastaava vanhin, Esa Nyst\u00e9n 040 765 9467 esa.nysten@pp.inet.fi Sihteeri, Aki Villa aki.o.villa@gmail.com Avustuspalvelu, Anne Harju 040 576 2068 Tilitiedot: Suomen Adventtikirkko FI22 8118 9710 0144 92 viite 855006 (toistaiseksi voimassaoleva ker\u00e4yslupa RA\/2021\/709) Yhteydenottolomake<\/p>\n","protected":false},"author":1,"featured_media":103,"parent":0,"menu_order":4,"comment_status":"closed","ping_status":"closed","template":"","meta":[],"class_list":["post-19","page","type-page","status-publish","has-post-thumbnail","hentry"],"_links":{"self":[{"href":"https:\/\/tampereadventtisrk.fi\/index.php?rest_route=\/wp\/v2\/pages\/19","targetHints":{"allow":["GET"]}}],"collection":[{"href":"https:\/\/tampereadventtisrk.fi\/index.php?rest_route=\/wp\/v2\/pages"}],"about":[{"href":"https:\/\/tampereadventtisrk.fi\/index.php?rest_route=\/wp\/v2\/types\/page"}],"author":[{"embeddable":true,"href":"https:\/\/tampereadventtisrk.fi\/index.php?rest_route=\/wp\/v2\/users\/1"}],"replies":[{"embeddable":true,"href":"https:\/\/tampereadventtisrk.fi\/index.php?rest_route=%2Fwp%2Fv2%2Fcomments&post=19"}],"version-history":[{"count":26,"href":"https:\/\/tampereadventtisrk.fi\/index.php?rest_route=\/wp\/v2\/pages\/19\/revisions"}],"predecessor-version":[{"id":363,"href":"https:\/\/tampereadventtisrk.fi\/index.php?rest_route=\/wp\/v2\/pages\/19\/revisions\/363"}],"wp:featuredmedia":[{"embeddable":true,"href":"https:\/\/tampereadventtisrk.fi\/index.php?rest_route=\/wp\/v2\/media\/103"}],"wp:attachment":[{"href":"https:\/\/tampereadventtisrk.fi\/index.php?rest_route=%2Fwp%2Fv2%2Fmedia&parent=19"}],"curies":[{"name":"wp","href":"https:\/\/api.w.org\/{rel}","templated":true}]}}