{"id":80,"date":"2017-11-02T21:22:57","date_gmt":"2017-11-02T19:22:57","guid":{"rendered":"http:\/\/tampereadventtisrk.fi\/?page_id=80"},"modified":"2018-05-29T14:22:12","modified_gmt":"2018-05-29T11:22:12","slug":"rukouspyynnot","status":"publish","type":"page","link":"https:\/\/tampereadventtisrk.fi\/?page_id=80","title":{"rendered":"Rukouspyynn\u00f6t"},"content":{"rendered":"<p>Jumala on rukouksia kuuleva Is\u00e4. L\u00e4het\u00e4 rukouspyynt\u00f6si niin rukoilemme sinun ja asiasi puolesta seurakunnan tilaisuuksissa. Halutessasi henkil\u00f6kohtaista tapaamista tai keskustelua s\u00e4hk\u00f6postitse, ole hyv\u00e4 ja ilmoita yhteystietosi. Otamme sinuun yhteytt\u00e4 mahdollisimman pian.<\/p>\n<div role=\"form\" class=\"wpcf7\" id=\"wpcf7-f153-o1\" lang=\"fi\" dir=\"ltr\">\n<div class=\"screen-reader-response\"><\/div>\n<form action=\"\/index.php?rest_route=%2Fwp%2Fv2%2Fpages%2F80#wpcf7-f153-o1\" method=\"post\" class=\"wpcf7-form\" novalidate=\"novalidate\">\n<div style=\"display: none;\">\n<input type=\"hidden\" name=\"_wpcf7\" value=\"153\" \/>\n<input type=\"hidden\" name=\"_wpcf7_version\" value=\"5.1.6\" \/>\n<input type=\"hidden\" name=\"_wpcf7_locale\" value=\"fi\" \/>\n<input type=\"hidden\" name=\"_wpcf7_unit_tag\" value=\"wpcf7-f153-o1\" \/>\n<input type=\"hidden\" name=\"_wpcf7_container_post\" value=\"0\" \/>\n<\/div>\n<p><label> Nimi<br \/>\n    <span class=\"wpcf7-form-control-wrap your-name\"><input type=\"text\" name=\"your-name\" value=\"\" size=\"40\" class=\"wpcf7-form-control wpcf7-text\" aria-invalid=\"false\" \/><\/span> <\/label><\/p>\n<p><label> S\u00e4hk\u00f6posti<br \/>\n    <span class=\"wpcf7-form-control-wrap your-email\"><input type=\"email\" name=\"your-email\" value=\"\" size=\"40\" class=\"wpcf7-form-control wpcf7-text wpcf7-email wpcf7-validates-as-email\" aria-invalid=\"false\" \/><\/span> <\/label><\/p>\n<p><label> Aihe<br \/>\n    <span class=\"wpcf7-form-control-wrap your-subject\"><input type=\"text\" name=\"your-subject\" value=\"\" size=\"40\" class=\"wpcf7-form-control wpcf7-text\" aria-invalid=\"false\" \/><\/span> <\/label><\/p>\n<p><label> Viesti<br \/>\n    <span class=\"wpcf7-form-control-wrap your-message\"><textarea name=\"your-message\" cols=\"40\" rows=\"10\" class=\"wpcf7-form-control wpcf7-textarea\" aria-invalid=\"false\"><\/textarea><\/span> <\/label><\/p>\n<p><span class=\"wpcf7-form-control-wrap checkbox-112\"><span class=\"wpcf7-form-control wpcf7-checkbox wpcf7-validates-as-required\"><span class=\"wpcf7-list-item first last\"><input type=\"checkbox\" name=\"checkbox-112[]\" value=\"Suostun siihen, ett\u00e4 mahdollisesti antamani yhteystiedot tallennetaan Adventtikirkon palvelimelle ja vastaanottajien s\u00e4hk\u00f6postij\u00e4rjestelmiin yhteydenoton mahdollistamiseksi. Laita rasti, vaikka et antanut yhteystietoja.\" \/><span class=\"wpcf7-list-item-label\">Suostun siihen, ett\u00e4 mahdollisesti antamani yhteystiedot tallennetaan Adventtikirkon palvelimelle ja vastaanottajien s\u00e4hk\u00f6postij\u00e4rjestelmiin yhteydenoton mahdollistamiseksi. Laita rasti, vaikka et antanut yhteystietoja.<\/span><\/span><\/span><\/span><\/p>\n<p>[recaptcha size:compact]<\/p>\n<p><input type=\"submit\" value=\"L\u00e4het\u00e4\" class=\"wpcf7-form-control wpcf7-submit\" \/><\/p>\n<div class=\"wpcf7-response-output wpcf7-display-none\"><\/div><\/form><\/div>\n","protected":false},"excerpt":{"rendered":"<p>Jumala on rukouksia kuuleva Is\u00e4. L\u00e4het\u00e4 rukouspyynt\u00f6si niin rukoilemme sinun ja asiasi puolesta seurakunnan tilaisuuksissa. Halutessasi henkil\u00f6kohtaista tapaamista tai keskustelua s\u00e4hk\u00f6postitse, ole hyv\u00e4 ja ilmoita yhteystietosi. Otamme sinuun yhteytt\u00e4 mahdollisimman pian.<\/p>\n","protected":false},"author":1,"featured_media":0,"parent":0,"menu_order":0,"comment_status":"closed","ping_status":"closed","template":"","meta":[],"class_list":["post-80","page","type-page","status-publish","hentry"],"_links":{"self":[{"href":"https:\/\/tampereadventtisrk.fi\/index.php?rest_route=\/wp\/v2\/pages\/80","targetHints":{"allow":["GET"]}}],"collection":[{"href":"https:\/\/tampereadventtisrk.fi\/index.php?rest_route=\/wp\/v2\/pages"}],"about":[{"href":"https:\/\/tampereadventtisrk.fi\/index.php?rest_route=\/wp\/v2\/types\/page"}],"author":[{"embeddable":true,"href":"https:\/\/tampereadventtisrk.fi\/index.php?rest_route=\/wp\/v2\/users\/1"}],"replies":[{"embeddable":true,"href":"https:\/\/tampereadventtisrk.fi\/index.php?rest_route=%2Fwp%2Fv2%2Fcomments&post=80"}],"version-history":[{"count":3,"href":"https:\/\/tampereadventtisrk.fi\/index.php?rest_route=\/wp\/v2\/pages\/80\/revisions"}],"predecessor-version":[{"id":155,"href":"https:\/\/tampereadventtisrk.fi\/index.php?rest_route=\/wp\/v2\/pages\/80\/revisions\/155"}],"wp:attachment":[{"href":"https:\/\/tampereadventtisrk.fi\/index.php?rest_route=%2Fwp%2Fv2%2Fmedia&parent=80"}],"curies":[{"name":"wp","href":"https:\/\/api.w.org\/{rel}","templated":true}]}}